{"id":4228,"date":"2023-12-29T09:24:18","date_gmt":"2023-12-29T07:24:18","guid":{"rendered":"https:\/\/tervaleppa.fi\/tuote\/soup-sauna-wax-09-l\/"},"modified":"2025-05-21T08:30:03","modified_gmt":"2025-05-21T05:30:03","slug":"supi-sauna-wax-09-l","status":"publish","type":"product","link":"https:\/\/tervaleppa.fi\/en\/product\/supi-sauna-wax-09-l\/","title":{"rendered":"Supi sauna wax 0,9 l"},"content":{"rendered":"<p>Saunan puupintojen pintak\u00e4sittelyaine, joka imeytyy puuhun ja muodostaa luonnollisen likaa ja vett\u00e4 hylkiv\u00e4n pinnan. Lis\u00e4\u00e4 vinkkej\u00e4 lauteiden ja paneeleiden k\u00e4sittelyyn: <a href=\"https:\/\/tervaleppa.fi\/saunan-lauteiden-ja-paneelien-kasittely-suojaa-savya-ja-kestavyytta\/\">Saunan lauteiden ja paneelien k\u00e4sittely \u2013 suojaa, s\u00e4vy\u00e4 ja kest\u00e4vyytt\u00e4<\/a><\/p>\n","protected":false},"excerpt":{"rendered":"<p>A natural wax-based protectant for indoor use.<\/p>\n","protected":false},"featured_media":0,"template":"","meta":{"_acf_changed":false,"_improvement_type_select":"improve_an_existing","_thumb_yes_seoaic":false,"_frame_yes_seoaic":false,"seoaic_generate_description":"","seoaic_improve_instructions_prompt":"","seoaic_rollback_content_improvement":"","seoaic_idea_thumbnail_generator":"","thumbnail_generated":false,"thumbnail_generate_prompt":"","seoaic_article_description":""},"product_brand":[],"product_cat":[143],"product_tag":[157],"class_list":{"0":"post-4228","1":"product","2":"type-product","3":"status-publish","5":"product_cat-other-products","6":"product_tag-sauna-treatment","7":"product_shipping_class-postal-parcel","9":"first","10":"instock","11":"taxable","12":"shipping-taxable","13":"purchasable","14":"product-type-simple"},"acf":[],"_links":{"self":[{"href":"https:\/\/tervaleppa.fi\/en\/wp-json\/wp\/v2\/product\/4228","targetHints":{"allow":["GET"]}}],"collection":[{"href":"https:\/\/tervaleppa.fi\/en\/wp-json\/wp\/v2\/product"}],"about":[{"href":"https:\/\/tervaleppa.fi\/en\/wp-json\/wp\/v2\/types\/product"}],"wp:attachment":[{"href":"https:\/\/tervaleppa.fi\/en\/wp-json\/wp\/v2\/media?parent=4228"}],"wp:term":[{"taxonomy":"product_brand","embeddable":true,"href":"https:\/\/tervaleppa.fi\/en\/wp-json\/wp\/v2\/product_brand?post=4228"},{"taxonomy":"product_cat","embeddable":true,"href":"https:\/\/tervaleppa.fi\/en\/wp-json\/wp\/v2\/product_cat?post=4228"},{"taxonomy":"product_tag","embeddable":true,"href":"https:\/\/tervaleppa.fi\/en\/wp-json\/wp\/v2\/product_tag?post=4228"}],"curies":[{"name":"wp","href":"https:\/\/api.w.org\/{rel}","templated":true}]}}